{"id":1441,"date":"2023-11-27T17:41:15","date_gmt":"2023-11-27T17:41:15","guid":{"rendered":"https:\/\/infolio.themescamp.com\/inner-pages\/?page_id=1441"},"modified":"2024-11-05T18:57:51","modified_gmt":"2024-11-05T18:57:51","slug":"portfolio-metro","status":"publish","type":"page","link":"https:\/\/patagoniaflooring.com\/genesis\/","title":{"rendered":"Servicios G\u00e9nesis"},"content":{"rendered":"\t\t<div data-elementor-type=\"wp-page\" data-elementor-id=\"1441\" class=\"elementor elementor-1441\">\n\t\t\t\t<div class=\"elementor-element elementor-element-776ea3f e-con-full e-flex e-con e-parent\" data-id=\"776ea3f\" data-element_type=\"container\" data-settings=\"{&quot;background_background&quot;:&quot;classic&quot;,&quot;tc_container_background_parallax&quot;:&quot;no&quot;,&quot;tcg_advanced_hover&quot;:&quot;no&quot;,&quot;tc_dark_mode_responsive_hide_in_dark&quot;:&quot;no&quot;,&quot;tc_dark_mode_responsive_hide_in_light&quot;:&quot;no&quot;}\">\n\t\t<div class=\"elementor-element elementor-element-e6d87a1 e-flex e-con-boxed e-con e-child\" data-id=\"e6d87a1\" data-element_type=\"container\" data-settings=\"{&quot;tc_container_background_parallax&quot;:&quot;no&quot;,&quot;tcg_advanced_hover&quot;:&quot;no&quot;,&quot;tc_dark_mode_responsive_hide_in_dark&quot;:&quot;no&quot;,&quot;tc_dark_mode_responsive_hide_in_light&quot;:&quot;no&quot;}\">\n\t\t\t\t\t<div class=\"e-con-inner\">\n\t\t\t\t<div class=\"elementor-element elementor-element-2a15ed7 elementor-widget elementor-widget-heading\" data-id=\"2a15ed7\" data-element_type=\"widget\" data-settings=\"{&quot;tc_dark_mode_responsive_hide_in_dark&quot;:&quot;no&quot;,&quot;tc_dark_mode_responsive_hide_in_light&quot;:&quot;no&quot;}\" data-widget_type=\"heading.default\">\n\t\t\t\t<div class=\"elementor-widget-container\">\n\t\t\t<h2 class=\"elementor-heading-title elementor-size-default\">Servicios G\u00e9nesis<\/h2>\t\t<\/div>\n\t\t\t\t<\/div>\n\t\t\t\t\t<\/div>\n\t\t\t\t<\/div>\n\t\t\t\t<\/div>\n\t\t<div class=\"elementor-element elementor-element-2f57a31 e-flex e-con-boxed e-con e-parent\" data-id=\"2f57a31\" data-element_type=\"container\" data-settings=\"{&quot;background_background&quot;:&quot;classic&quot;,&quot;tc_container_background_parallax&quot;:&quot;no&quot;,&quot;tcg_advanced_hover&quot;:&quot;no&quot;,&quot;tc_dark_mode_responsive_hide_in_dark&quot;:&quot;no&quot;,&quot;tc_dark_mode_responsive_hide_in_light&quot;:&quot;no&quot;}\">\n\t\t\t\t\t<div class=\"e-con-inner\">\n\t\t\t\t<div class=\"elementor-element elementor-element-d92abf5 elementor-widget elementor-widget-infolio-work-metro\" data-id=\"d92abf5\" data-element_type=\"widget\" data-settings=\"{&quot;tc_dark_mode_responsive_hide_in_dark&quot;:&quot;no&quot;,&quot;tc_dark_mode_responsive_hide_in_light&quot;:&quot;no&quot;}\" data-widget_type=\"infolio-work-metro.default\">\n\t\t\t\t<div class=\"elementor-widget-container\">\n\t\t\t\r\n        <div class=\"infolio-work-metro\">\r\n            <div class=\"row xxlg-marg justify-content-between\">\r\n                            <\/div>\r\n        <\/div>\r\n        \t\t<\/div>\n\t\t\t\t<\/div>\n\t\t\t\t<div class=\"elementor-element elementor-element-89142b0 elementor-widget elementor-widget-infolio-portfolio-fixed\" data-id=\"89142b0\" data-element_type=\"widget\" data-settings=\"{&quot;tc_dark_mode_responsive_hide_in_dark&quot;:&quot;no&quot;,&quot;tc_dark_mode_responsive_hide_in_light&quot;:&quot;no&quot;}\" data-widget_type=\"infolio-portfolio-fixed.default\">\n\t\t\t\t<div class=\"elementor-widget-container\">\n\t\t\t        <div class=\"infolio-portfolio-fixed\">\r\n            <div class=\"row\">\r\n                <div class=\"col-lg-6 rest\">\r\n                    <div class=\"left infolio-portfolio-sticky-item\">\r\n                                                    <div id=\"tab-1\" class=\"img bg-img\" data-background=\"https:\/\/patagoniaflooring.com\/genesis\/wp-content\/uploads\/2023\/12\/Media-2-2.jpg\">\r\n                        <\/div>\r\n                                                    <div id=\"tab-2\" class=\"img bg-img\" data-background=\"https:\/\/patagoniaflooring.com\/genesis\/wp-content\/uploads\/2023\/12\/Medio-2.jpg\">\r\n                        <\/div>\r\n                                                    <div id=\"tab-3\" class=\"img bg-img\" data-background=\"https:\/\/patagoniaflooring.com\/genesis\/wp-content\/uploads\/2023\/12\/Media-2-3.jpg\">\r\n                        <\/div>\r\n                                                    <div id=\"tab-4\" class=\"img bg-img\" data-background=\"https:\/\/patagoniaflooring.com\/genesis\/wp-content\/uploads\/2023\/12\/Media-2-4.jpg\">\r\n                        <\/div>\r\n                                                    <div id=\"tab-5\" class=\"img bg-img\" data-background=\"https:\/\/patagoniaflooring.com\/genesis\/wp-content\/uploads\/2023\/12\/Media-1-5.jpg\">\r\n                        <\/div>\r\n                                                    <div id=\"tab-6\" class=\"img bg-img\" data-background=\"https:\/\/patagoniaflooring.com\/genesis\/wp-content\/uploads\/2023\/12\/Media-1.jpg\">\r\n                        <\/div>\r\n                                            <\/div>\r\n                <\/div>\r\n                <div class=\"col-lg-6 right\">\r\n                                    <div class=\"cont active\" data-tab=\"tab-1\">\r\n                        <div class=\"img-hiden\">\r\n                            <img decoding=\"async\" src=\"https:\/\/patagoniaflooring.com\/genesis\/wp-content\/uploads\/2023\/12\/Media-2-2.jpg\" alt=\"\">\r\n                        <\/div>\r\n                        <span class=\"category\">01.    G\u00e9nesis<\/span>\r\n                        <h2>Renewal<\/h2>\r\n                        <div class=\"row\">\r\n                            <div class=\"col-md-9\">\r\n                                <p>Renewal Categor\u00eda : Renovaci\u00f3n superficial Duraci\u00f3n : 60m2 en 24Hs M\u00e1quinas : Power Scrubber, Flexisand, DCS 70 Productos : Polish, Deep Clean, Traffic HD, Lija diamante 240 01 . Servicio de renovaci\u00f3n y protecci\u00f3n para los pisos de madera que presentan un desgaste por tr\u00e1nsito o marcas superficiales. Este nuevo sistema de renovaci\u00f3n es la innovaci\u00f3n en el tratamiento de &hellip;<\/p>\r\n                                <div class=\"rmore\">\r\n                                    <a href=\"https:\/\/patagoniaflooring.com\/genesis\/portfolio\/renewal\/\" class=\"read-more-text\">\r\n                                        Ver m\u00e1s                                                                            <\/a>\r\n                                <\/div>\r\n                            <\/div>\r\n                        <\/div>\r\n                    <\/div>\r\n                                    <div class=\"cont \" data-tab=\"tab-2\">\r\n                        <div class=\"img-hiden\">\r\n                            <img decoding=\"async\" src=\"https:\/\/patagoniaflooring.com\/genesis\/wp-content\/uploads\/2023\/12\/Medio-2.jpg\" alt=\"\">\r\n                        <\/div>\r\n                        <span class=\"category\">02.    G\u00e9nesis<\/span>\r\n                        <h2>Restyling<\/h2>\r\n                        <div class=\"row\">\r\n                            <div class=\"col-md-9\">\r\n                                <p>Restyling Categor\u00eda : Renovaci\u00f3n Duraci\u00f3n : 60 m2 en 72 Hs M\u00e1quinas : Belt, Flexisand, DCS 70 Productos : Empaste mix y Fill + Sellador + Acabado 01 . Restyling integral sobre los pisos de madera, permitiendo cambiar el color y brillo, incluso generando nuevas texturas, todo realizado 99% libre de polvo con el exclusivo sistema de sanding y aspiraci\u00f3n &hellip;<\/p>\r\n                                <div class=\"rmore\">\r\n                                    <a href=\"https:\/\/patagoniaflooring.com\/genesis\/portfolio\/restyling\/\" class=\"read-more-text\">\r\n                                        Ver m\u00e1s                                                                            <\/a>\r\n                                <\/div>\r\n                            <\/div>\r\n                        <\/div>\r\n                    <\/div>\r\n                                    <div class=\"cont \" data-tab=\"tab-3\">\r\n                        <div class=\"img-hiden\">\r\n                            <img decoding=\"async\" src=\"https:\/\/patagoniaflooring.com\/genesis\/wp-content\/uploads\/2023\/12\/Media-2-3.jpg\" alt=\"\">\r\n                        <\/div>\r\n                        <span class=\"category\">03.    G\u00e9nesis<\/span>\r\n                        <h2>Restoration<\/h2>\r\n                        <div class=\"row\">\r\n                            <div class=\"col-md-9\">\r\n                                <p>Restoration Categor\u00eda : Reparaci\u00f3n Duraci\u00f3n : A coordinar con f\u00e1brica M\u00e1quinas : Belr, Flexisandy DCS70 Productos : R\u00e9plica de tablas de madera, Mix &amp; Fill Plus 01 . El Restyling integral sobre los pisos de madera, se le suma el reemplazo de tablas o realizaci\u00f3n de r\u00e9plicas de madera para reponer piezas rotas o faltantes, todo realizado 99% libre de &hellip;<\/p>\r\n                                <div class=\"rmore\">\r\n                                    <a href=\"https:\/\/patagoniaflooring.com\/genesis\/portfolio\/restoration\/\" class=\"read-more-text\">\r\n                                        Ver m\u00e1s                                                                            <\/a>\r\n                                <\/div>\r\n                            <\/div>\r\n                        <\/div>\r\n                    <\/div>\r\n                                    <div class=\"cont \" data-tab=\"tab-4\">\r\n                        <div class=\"img-hiden\">\r\n                            <img decoding=\"async\" src=\"https:\/\/patagoniaflooring.com\/genesis\/wp-content\/uploads\/2023\/12\/Media-2-4.jpg\" alt=\"\">\r\n                        <\/div>\r\n                        <span class=\"category\">04.    G\u00e9nesis<\/span>\r\n                        <h2>Resilient<\/h2>\r\n                        <div class=\"row\">\r\n                            <div class=\"col-md-9\">\r\n                                <p>Resilient Categor\u00eda : Renovaci\u00f3n Duraci\u00f3n : 60 m2 a 24 Hs M\u00e1quinas : PowerScrubber, Flexisand y DC70 Productos : Deep Cleaner y Resiliente 01 . Contamos con una soluci\u00f3n innovadora y muy eficaz para el cuidado y el mantenimiento de los pisos resilientes; tanto lin\u00f3leos y vin\u00edlicos. Nuestro programa profesional permite no solo mantener la frescura de las superficies, sino &hellip;<\/p>\r\n                                <div class=\"rmore\">\r\n                                    <a href=\"https:\/\/patagoniaflooring.com\/genesis\/portfolio\/resilient\/\" class=\"read-more-text\">\r\n                                        Ver m\u00e1s                                                                            <\/a>\r\n                                <\/div>\r\n                            <\/div>\r\n                        <\/div>\r\n                    <\/div>\r\n                                    <div class=\"cont \" data-tab=\"tab-5\">\r\n                        <div class=\"img-hiden\">\r\n                            <img decoding=\"async\" src=\"https:\/\/patagoniaflooring.com\/genesis\/wp-content\/uploads\/2023\/12\/Media-1-5.jpg\" alt=\"\">\r\n                        <\/div>\r\n                        <span class=\"category\">05.    G\u00e9nesis<\/span>\r\n                        <h2>Sportive<\/h2>\r\n                        <div class=\"row\">\r\n                            <div class=\"col-md-9\">\r\n                                <p>Sportive Categor\u00eda : Photography Duraci\u00f3n : Envato M\u00e1quinas : PowerScrubber, Flexisand y DC70 Productos : R\u00e9plica de tablas de madera, Mix &amp; Fill Plus 01 . Contamos con una soluci\u00f3n innovadora y muy eficaz para el cuidado y el mantenimiento de los pisos resilientes; tanto lin\u00f3leos y vin\u00edlicos. Nuestro programa profesional permite no solo mantener la frescura de las superficies, &hellip;<\/p>\r\n                                <div class=\"rmore\">\r\n                                    <a href=\"https:\/\/patagoniaflooring.com\/genesis\/portfolio\/sportive\/\" class=\"read-more-text\">\r\n                                        Ver m\u00e1s                                                                            <\/a>\r\n                                <\/div>\r\n                            <\/div>\r\n                        <\/div>\r\n                    <\/div>\r\n                                    <div class=\"cont \" data-tab=\"tab-6\">\r\n                        <div class=\"img-hiden\">\r\n                            <img decoding=\"async\" src=\"https:\/\/patagoniaflooring.com\/genesis\/wp-content\/uploads\/2023\/12\/Media-1.jpg\" alt=\"\">\r\n                        <\/div>\r\n                        <span class=\"category\">06.    Product Design<\/span>\r\n                        <h2>Refreshing<\/h2>\r\n                        <div class=\"row\">\r\n                            <div class=\"col-md-9\">\r\n                                <p>Refreshing Categor\u00eda : Limpieza superficial Duraci\u00f3n : 70m2 en 24Hs M\u00e1quinas : Power Scrubber Productos : Remover o Polish Remover, Deep Clean, Pa\u00f1o de microfibra y polish 01 . Limpieza profesional del piso dando vida, brillo y cuidando de los mismos con productos 100% ecol\u00f3gicos. El refreshing elimina la suciedad de todas las superficies disimulando peque\u00f1as diferencias de tono e &hellip;<\/p>\r\n                                <div class=\"rmore\">\r\n                                    <a href=\"https:\/\/patagoniaflooring.com\/genesis\/portfolio\/refreshing\/\" class=\"read-more-text\">\r\n                                        Ver m\u00e1s                                                                            <\/a>\r\n                                <\/div>\r\n                            <\/div>\r\n                        <\/div>\r\n                    <\/div>\r\n                                <\/div>\r\n            <\/div>\r\n        <\/div>\r\n        \t\t<\/div>\n\t\t\t\t<\/div>\n\t\t\t\t\t<\/div>\n\t\t\t\t<\/div>\n\t\t\t\t<\/div>\n\t\t","protected":false},"excerpt":{"rendered":"<p>Servicios G\u00e9nesis 01. G\u00e9nesis Renewal Renewal Categor\u00eda : Renovaci\u00f3n superficial Duraci\u00f3n : 60m2 en 24Hs M\u00e1quinas : Power Scrubber, Flexisand, DCS 70 Productos : Polish, Deep Clean, Traffic HD, Lija diamante 240 01 . Servicio de renovaci\u00f3n y protecci\u00f3n para los pisos de madera que presentan un desgaste por tr\u00e1nsito o marcas superficiales. Este nuevo sistema de renovaci\u00f3n es la &hellip;<\/p>\n","protected":false},"author":2,"featured_media":0,"parent":0,"menu_order":0,"comment_status":"closed","ping_status":"closed","template":"blank-builder.php","meta":{"_monsterinsights_skip_tracking":false,"_monsterinsights_sitenote_active":false,"_monsterinsights_sitenote_note":"","_monsterinsights_sitenote_category":0,"footnotes":""},"class_list":["post-1441","page","type-page","status-publish","hentry"],"aioseo_notices":[],"_links":{"self":[{"href":"https:\/\/patagoniaflooring.com\/genesis\/wp-json\/wp\/v2\/pages\/1441","targetHints":{"allow":["GET"]}}],"collection":[{"href":"https:\/\/patagoniaflooring.com\/genesis\/wp-json\/wp\/v2\/pages"}],"about":[{"href":"https:\/\/patagoniaflooring.com\/genesis\/wp-json\/wp\/v2\/types\/page"}],"author":[{"embeddable":true,"href":"https:\/\/patagoniaflooring.com\/genesis\/wp-json\/wp\/v2\/users\/2"}],"replies":[{"embeddable":true,"href":"https:\/\/patagoniaflooring.com\/genesis\/wp-json\/wp\/v2\/comments?post=1441"}],"version-history":[{"count":17,"href":"https:\/\/patagoniaflooring.com\/genesis\/wp-json\/wp\/v2\/pages\/1441\/revisions"}],"predecessor-version":[{"id":6285,"href":"https:\/\/patagoniaflooring.com\/genesis\/wp-json\/wp\/v2\/pages\/1441\/revisions\/6285"}],"wp:attachment":[{"href":"https:\/\/patagoniaflooring.com\/genesis\/wp-json\/wp\/v2\/media?parent=1441"}],"curies":[{"name":"wp","href":"https:\/\/api.w.org\/{rel}","templated":true}]}}